{"id":21,"date":"2022-12-09T11:12:09","date_gmt":"2022-12-09T10:12:09","guid":{"rendered":"http:\/\/adapt-energies.com\/?page_id=21"},"modified":"2022-12-09T11:17:35","modified_gmt":"2022-12-09T10:17:35","slug":"climatisation","status":"publish","type":"page","link":"https:\/\/adapt-energies.com\/index.php\/climatisation\/","title":{"rendered":"Climatisation"},"content":{"rendered":"\n<p>La&nbsp;<strong>climatisation<\/strong>&nbsp;est la technique qui consiste \u00e0 modifier, contr\u00f4ler et r\u00e9guler les conditions climatiques (temp\u00e9rature,&nbsp;humidit\u00e9,&nbsp;niveau de poussi\u00e8res,&nbsp;etc.) d\u2019un int\u00e9rieur pour des raisons de confort (automobile, bureaux, maisons individuelles) ou pour des raisons techniques (laboratoires m\u00e9dicaux, locaux de fabrication de composants \u00e9lectroniques,&nbsp;blocs op\u00e9ratoires, salles informatiques,&nbsp;etc.).<\/p>\n\n\n\n<p>Les param\u00e8tres modifi\u00e9s, contr\u00f4l\u00e9s ou r\u00e9gul\u00e9s sont&nbsp;:<\/p>\n\n\n\n<ul class=\"wp-block-list\">\n<li>la temp\u00e9rature de l&rsquo;air, selon la saison le cas \u00e9ch\u00e9ant (chauffage&nbsp;ou&nbsp;refroidissement)&nbsp;;<\/li>\n\n\n\n<li>le degr\u00e9 d&rsquo;hygrom\u00e9trie&nbsp;de l&rsquo;air (humidification ou d\u00e9shumidification)&nbsp;;<\/li>\n\n\n\n<li>la&nbsp;qualit\u00e9 de l&rsquo;air int\u00e9rieur&nbsp;: odeur, empoussi\u00e8rement.<\/li>\n<\/ul>\n\n\n\n<p>Certaines des techniques utilis\u00e9es sont anciennes et d&rsquo;autres moins (invention du&nbsp;r\u00e9frig\u00e9rateur&nbsp;au&nbsp;xix<sup>e<\/sup>&nbsp;si\u00e8cle par exemple)&nbsp;; les syst\u00e8mes modernes tendent \u00e0 les associer dans un m\u00eame appareil dit&nbsp;climatiseur r\u00e9versible (r\u00e9frig\u00e9ration l&rsquo;\u00e9t\u00e9 et chauffage l&rsquo;hiver).<\/p>\n","protected":false},"excerpt":{"rendered":"<p>La&nbsp;climatisation&nbsp;est la technique qui consiste \u00e0 modifier, contr\u00f4ler et r\u00e9guler les conditions climatiques (temp\u00e9rature,&nbsp;humidit\u00e9,&nbsp;niveau de poussi\u00e8res,&nbsp;etc.) d\u2019un int\u00e9rieur pour des raisons de confort (automobile, bureaux, maisons individuelles) ou pour des raisons techniques (laboratoires m\u00e9dicaux, locaux de fabrication de composants \u00e9lectroniques,&nbsp;blocs &hellip; <\/p>\n","protected":false},"author":1,"featured_media":13,"parent":0,"menu_order":0,"comment_status":"closed","ping_status":"closed","template":"","meta":{"footnotes":""},"class_list":["post-21","page","type-page","status-publish","has-post-thumbnail","hentry"],"_links":{"self":[{"href":"https:\/\/adapt-energies.com\/index.php\/wp-json\/wp\/v2\/pages\/21","targetHints":{"allow":["GET"]}}],"collection":[{"href":"https:\/\/adapt-energies.com\/index.php\/wp-json\/wp\/v2\/pages"}],"about":[{"href":"https:\/\/adapt-energies.com\/index.php\/wp-json\/wp\/v2\/types\/page"}],"author":[{"embeddable":true,"href":"https:\/\/adapt-energies.com\/index.php\/wp-json\/wp\/v2\/users\/1"}],"replies":[{"embeddable":true,"href":"https:\/\/adapt-energies.com\/index.php\/wp-json\/wp\/v2\/comments?post=21"}],"version-history":[{"count":2,"href":"https:\/\/adapt-energies.com\/index.php\/wp-json\/wp\/v2\/pages\/21\/revisions"}],"predecessor-version":[{"id":27,"href":"https:\/\/adapt-energies.com\/index.php\/wp-json\/wp\/v2\/pages\/21\/revisions\/27"}],"wp:featuredmedia":[{"embeddable":true,"href":"https:\/\/adapt-energies.com\/index.php\/wp-json\/wp\/v2\/media\/13"}],"wp:attachment":[{"href":"https:\/\/adapt-energies.com\/index.php\/wp-json\/wp\/v2\/media?parent=21"}],"curies":[{"name":"wp","href":"https:\/\/api.w.org\/{rel}","templated":true}]}}