{"id":2,"date":"2022-12-09T10:45:20","date_gmt":"2022-12-09T09:45:20","guid":{"rendered":"http:\/\/adapt-energies.com\/?page_id=2"},"modified":"2022-12-09T11:17:15","modified_gmt":"2022-12-09T10:17:15","slug":"page-d-exemple","status":"publish","type":"page","link":"https:\/\/adapt-energies.com\/index.php\/page-d-exemple\/","title":{"rendered":"Chauffage"},"content":{"rendered":"\n<p>On parle de\u00a0chauffage individuel\u00a0lorsque chaque logement poss\u00e8de son propre proc\u00e9d\u00e9 de chauffage, soit par des\u00a0convecteurs\u00a0\u00e9lectriques, des\u00a0radiateurs\u00a0\u00e0\u00a0gaz, des po\u00eales \u00e0\u00a0fioul, \u00e0\u00a0bois\u00a0ou \u00e0\u00a0charbon, soit par une\u00a0<strong>chaudi\u00e8re individuelle\u00a0<\/strong>(chauffage central, en g\u00e9n\u00e9ral au gaz) ou par une\u00a0<strong>pompe \u00e0 chaleur<\/strong>. Rien n&rsquo;est alors impos\u00e9 par le constructeur ou par la copropri\u00e9t\u00e9. Seules des contraintes techniques ou r\u00e9glementaires peuvent alors imposer des obligations. Le chauffage individuel appara\u00eet plus adapt\u00e9 aux logements eux aussi individuels, r\u00e9cents et bien isol\u00e9s.<\/p>\n\n\n\n<p>Le principal avantage du chauffage individuel, c&rsquo;est sa souplesse d&rsquo;utilisation. En effet, il permet au particulier de choisir son mode de chauffage et l&rsquo;installation qui lui convient le plus. Il permet aussi de choisir son fournisseur d&rsquo;\u00e9nergie. Ainsi que la date de mise en service dudit chauffage. De quoi\u00a0g\u00e9rer\u00a0sa consommation\u00a0en fonction de la\u00a0m\u00e9t\u00e9o\u00a0&#8211; on peut \u00e9teindre facilement son chauffage individuel si l&rsquo;hiver\u00a0est doux &#8211; ou en fonction des habitudes du\u00a0foyer\u00a0&#8211; on peut l&rsquo;\u00e9teindre aussi\u00a0si l&rsquo;on doit s&rsquo;absenter pendant plusieurs jours.<\/p>\n","protected":false},"excerpt":{"rendered":"<p>On parle de\u00a0chauffage individuel\u00a0lorsque chaque logement poss\u00e8de son propre proc\u00e9d\u00e9 de chauffage, soit par des\u00a0convecteurs\u00a0\u00e9lectriques, des\u00a0radiateurs\u00a0\u00e0\u00a0gaz, des po\u00eales \u00e0\u00a0fioul, \u00e0\u00a0bois\u00a0ou \u00e0\u00a0charbon, soit par une\u00a0chaudi\u00e8re individuelle\u00a0(chauffage central, en g\u00e9n\u00e9ral au gaz) ou par une\u00a0pompe \u00e0 chaleur. Rien n&rsquo;est alors impos\u00e9 par &hellip; <\/p>\n","protected":false},"author":1,"featured_media":13,"parent":0,"menu_order":0,"comment_status":"closed","ping_status":"open","template":"","meta":{"footnotes":""},"class_list":["post-2","page","type-page","status-publish","has-post-thumbnail","hentry"],"_links":{"self":[{"href":"https:\/\/adapt-energies.com\/index.php\/wp-json\/wp\/v2\/pages\/2","targetHints":{"allow":["GET"]}}],"collection":[{"href":"https:\/\/adapt-energies.com\/index.php\/wp-json\/wp\/v2\/pages"}],"about":[{"href":"https:\/\/adapt-energies.com\/index.php\/wp-json\/wp\/v2\/types\/page"}],"author":[{"embeddable":true,"href":"https:\/\/adapt-energies.com\/index.php\/wp-json\/wp\/v2\/users\/1"}],"replies":[{"embeddable":true,"href":"https:\/\/adapt-energies.com\/index.php\/wp-json\/wp\/v2\/comments?post=2"}],"version-history":[{"count":3,"href":"https:\/\/adapt-energies.com\/index.php\/wp-json\/wp\/v2\/pages\/2\/revisions"}],"predecessor-version":[{"id":26,"href":"https:\/\/adapt-energies.com\/index.php\/wp-json\/wp\/v2\/pages\/2\/revisions\/26"}],"wp:featuredmedia":[{"embeddable":true,"href":"https:\/\/adapt-energies.com\/index.php\/wp-json\/wp\/v2\/media\/13"}],"wp:attachment":[{"href":"https:\/\/adapt-energies.com\/index.php\/wp-json\/wp\/v2\/media?parent=2"}],"curies":[{"name":"wp","href":"https:\/\/api.w.org\/{rel}","templated":true}]}}